{"id":3107,"date":"2022-12-12T13:56:30","date_gmt":"2022-12-12T12:56:30","guid":{"rendered":"http:\/\/asmokarts.com\/produkt\/zivan-ng9-200v-35a-3-ph-380v-200v-ladegeraet\/"},"modified":"2023-05-22T09:42:02","modified_gmt":"2023-05-22T07:42:02","slug":"zivan-ng9-200v-35a-3-ph-380v-200v-ladegeraet","status":"publish","type":"product","link":"https:\/\/www.asmokarts.com\/en\/produkt\/zivan-ng9-200v-35a-3-ph-380v-200v-ladegeraet\/","title":{"rendered":"Zivan NG9+ 200V 35A 3-Ph 380V 200V Ladeger\u00e4t"},"content":{"rendered":"<p>Das dreiphasige Batterieladeger\u00e4t NG7 ist ein innovatives Ger\u00e4t welches vielseitig einsetzbar ist. Die lade Software l\u00e4sst sich auf jeden Batterietypen anpassen und sichert somit optimale Ladebedingungen. Die Hohe Leistung und Effizienz dieser Ladeger\u00e4te sichert dem Benutzer Energieeinsparungen und eine hohe Wirtschaftlichkeit. Aufgrund dieser Vorteile amortisiert sich die Anschaffung dieses hochwertigen Produkts sehr schnell.<\/p>\n","protected":false},"excerpt":{"rendered":"<p>Das dreiphasige Batterieladeger\u00e4t NG7 ist ein innovatives Ger\u00e4t welches vielseitig einsetzbar ist. Die lade Software l\u00e4sst sich auf jeden Batterietypen anpassen und sichert somit optimale Ladebedingungen. Die Hohe Leistung und Effizienz dieser Ladeger\u00e4te sichert dem Benutzer Energieeinsparungen und eine hohe Wirtschaftlichkeit. Aufgrund dieser Vorteile amortisiert sich die Anschaffung dieses hochwertigen Produkts sehr schnell.<\/p>\n","protected":false},"featured_media":2999,"comment_status":"closed","ping_status":"closed","template":"","meta":[],"product_brand":[],"product_cat":[73],"product_tag":[],"class_list":{"0":"post-3107","1":"product","2":"type-product","3":"status-publish","4":"has-post-thumbnail","6":"product_cat-ladegeraet","7":"product_shipping_class-gewicht","9":"first","10":"instock","11":"purchasable","12":"product-type-simple"},"_links":{"self":[{"href":"https:\/\/www.asmokarts.com\/en\/wp-json\/wp\/v2\/product\/3107","targetHints":{"allow":["GET"]}}],"collection":[{"href":"https:\/\/www.asmokarts.com\/en\/wp-json\/wp\/v2\/product"}],"about":[{"href":"https:\/\/www.asmokarts.com\/en\/wp-json\/wp\/v2\/types\/product"}],"replies":[{"embeddable":true,"href":"https:\/\/www.asmokarts.com\/en\/wp-json\/wp\/v2\/comments?post=3107"}],"wp:featuredmedia":[{"embeddable":true,"href":"https:\/\/www.asmokarts.com\/en\/wp-json\/wp\/v2\/media\/2999"}],"wp:attachment":[{"href":"https:\/\/www.asmokarts.com\/en\/wp-json\/wp\/v2\/media?parent=3107"}],"wp:term":[{"taxonomy":"product_brand","embeddable":true,"href":"https:\/\/www.asmokarts.com\/en\/wp-json\/wp\/v2\/product_brand?post=3107"},{"taxonomy":"product_cat","embeddable":true,"href":"https:\/\/www.asmokarts.com\/en\/wp-json\/wp\/v2\/product_cat?post=3107"},{"taxonomy":"product_tag","embeddable":true,"href":"https:\/\/www.asmokarts.com\/en\/wp-json\/wp\/v2\/product_tag?post=3107"}],"curies":[{"name":"wp","href":"https:\/\/api.w.org\/{rel}","templated":true}]}}