{"id":3089,"date":"2022-12-12T13:56:23","date_gmt":"2022-12-12T12:56:23","guid":{"rendered":"http:\/\/asmokarts.com\/produkt\/zivan-ng1-24v-ladegeraet\/"},"modified":"2023-05-16T08:47:21","modified_gmt":"2023-05-16T06:47:21","slug":"zivan-ng1-24v-ladegeraet","status":"publish","type":"product","link":"https:\/\/www.asmokarts.com\/en\/produkt\/zivan-ng1-24v-ladegeraet\/","title":{"rendered":"Zivan NG1 24V Ladeger\u00e4t"},"content":{"rendered":"<p>Das einphasige Batterieladeger\u00e4t NG1 ist ein innovatives Ger\u00e4t welches vielseitig einsetzbar ist. Die lade Software l\u00e4sst sich auf jeden Batterietypen anpassen und sichert somit optimale Ladebedingungen. Durch die kompakte Gr\u00f6\u00dfe und das geringe Gewicht ist das Ger\u00e4t optimale f\u00fcr den Einbau in Fahrzeugen oder an Orten mit begrenztem Raum. Aufgrund des einphasigen Betriebs des Ladeger\u00e4ts, l\u00e4sst sich das Fahrzeug an jeder normalen Steckdose aufladen.<\/p>\n","protected":false},"excerpt":{"rendered":"<p>Das einphasige Batterieladeger\u00e4t NG1 ist ein innovatives Ger\u00e4t welches vielseitig einsetzbar ist. Die lade Software l\u00e4sst sich auf jeden Batterietypen anpassen und sichert somit optimale Ladebedingungen. Durch die kompakte Gr\u00f6\u00dfe und das geringe Gewicht ist das Ger\u00e4t optimale f\u00fcr den Einbau in Fahrzeugen oder an Orten mit begrenztem Raum. Aufgrund des einphasigen Betriebs des Ladeger\u00e4ts, [&hellip;]<\/p>\n","protected":false},"featured_media":2997,"comment_status":"closed","ping_status":"closed","template":"","meta":[],"product_brand":[],"product_cat":[73],"product_tag":[],"class_list":{"0":"post-3089","1":"product","2":"type-product","3":"status-publish","4":"has-post-thumbnail","6":"product_cat-ladegeraet","7":"product_shipping_class-gewicht","9":"first","10":"instock","11":"purchasable","12":"product-type-simple"},"_links":{"self":[{"href":"https:\/\/www.asmokarts.com\/en\/wp-json\/wp\/v2\/product\/3089","targetHints":{"allow":["GET"]}}],"collection":[{"href":"https:\/\/www.asmokarts.com\/en\/wp-json\/wp\/v2\/product"}],"about":[{"href":"https:\/\/www.asmokarts.com\/en\/wp-json\/wp\/v2\/types\/product"}],"replies":[{"embeddable":true,"href":"https:\/\/www.asmokarts.com\/en\/wp-json\/wp\/v2\/comments?post=3089"}],"wp:featuredmedia":[{"embeddable":true,"href":"https:\/\/www.asmokarts.com\/en\/wp-json\/wp\/v2\/media\/2997"}],"wp:attachment":[{"href":"https:\/\/www.asmokarts.com\/en\/wp-json\/wp\/v2\/media?parent=3089"}],"wp:term":[{"taxonomy":"product_brand","embeddable":true,"href":"https:\/\/www.asmokarts.com\/en\/wp-json\/wp\/v2\/product_brand?post=3089"},{"taxonomy":"product_cat","embeddable":true,"href":"https:\/\/www.asmokarts.com\/en\/wp-json\/wp\/v2\/product_cat?post=3089"},{"taxonomy":"product_tag","embeddable":true,"href":"https:\/\/www.asmokarts.com\/en\/wp-json\/wp\/v2\/product_tag?post=3089"}],"curies":[{"name":"wp","href":"https:\/\/api.w.org\/{rel}","templated":true}]}}