{"id":3081,"date":"2022-12-12T13:53:30","date_gmt":"2022-12-12T12:53:30","guid":{"rendered":"http:\/\/asmokarts.com\/produkt\/sevcon-three-phase-controller-gen4-4865-size-6-36v-48v-650a\/"},"modified":"2023-05-22T10:12:58","modified_gmt":"2023-05-22T08:12:58","slug":"sevcon-three-phase-controller-gen4-4865-size-6-36v-48v-650a","status":"publish","type":"product","link":"https:\/\/www.asmokarts.com\/en\/produkt\/sevcon-three-phase-controller-gen4-4865-size-6-36v-48v-650a\/","title":{"rendered":"Sevcon Three-Phase Controller Gen4 4865 Size 6 36V-48V 650A"},"content":{"rendered":"<p>Die Gen4-Serie ist das neuste Konzept einer kompakten und zuverl\u00e4ssige AC Steuerung f\u00fcr b\u00fcrstenlose Motoren. Die hohe Effizienz dieser Steuerungen erm\u00f6glicht es sie in Systeme mit begrenztem Raum zu integrieren ohne an Leistung zu verlieren. Die Steuerung wurde so ausgelegt, dass sie h\u00f6chste Zuverl\u00e4ssigkeit f\u00fcr anspruchsvolle Anwendungen liefert bei einem m\u00f6glichst geringen Preis.<\/p>\n","protected":false},"excerpt":{"rendered":"<p>Die Gen4-Serie ist das neuste Konzept einer kompakten und zuverl\u00e4ssige AC Steuerung f\u00fcr b\u00fcrstenlose Motoren. Die hohe Effizienz dieser Steuerungen erm\u00f6glicht es sie in Systeme mit begrenztem Raum zu integrieren ohne an Leistung zu verlieren. Die Steuerung wurde so ausgelegt, dass sie h\u00f6chste Zuverl\u00e4ssigkeit f\u00fcr anspruchsvolle Anwendungen liefert bei einem m\u00f6glichst geringen Preis.<\/p>\n","protected":false},"featured_media":3113,"comment_status":"closed","ping_status":"closed","template":"","meta":[],"product_brand":[],"product_cat":[15],"product_tag":[],"class_list":{"0":"post-3081","1":"product","2":"type-product","3":"status-publish","4":"has-post-thumbnail","6":"product_cat-controller","7":"product_shipping_class-gewicht","9":"first","10":"instock","11":"purchasable","12":"product-type-simple"},"_links":{"self":[{"href":"https:\/\/www.asmokarts.com\/en\/wp-json\/wp\/v2\/product\/3081","targetHints":{"allow":["GET"]}}],"collection":[{"href":"https:\/\/www.asmokarts.com\/en\/wp-json\/wp\/v2\/product"}],"about":[{"href":"https:\/\/www.asmokarts.com\/en\/wp-json\/wp\/v2\/types\/product"}],"replies":[{"embeddable":true,"href":"https:\/\/www.asmokarts.com\/en\/wp-json\/wp\/v2\/comments?post=3081"}],"wp:featuredmedia":[{"embeddable":true,"href":"https:\/\/www.asmokarts.com\/en\/wp-json\/wp\/v2\/media\/3113"}],"wp:attachment":[{"href":"https:\/\/www.asmokarts.com\/en\/wp-json\/wp\/v2\/media?parent=3081"}],"wp:term":[{"taxonomy":"product_brand","embeddable":true,"href":"https:\/\/www.asmokarts.com\/en\/wp-json\/wp\/v2\/product_brand?post=3081"},{"taxonomy":"product_cat","embeddable":true,"href":"https:\/\/www.asmokarts.com\/en\/wp-json\/wp\/v2\/product_cat?post=3081"},{"taxonomy":"product_tag","embeddable":true,"href":"https:\/\/www.asmokarts.com\/en\/wp-json\/wp\/v2\/product_tag?post=3081"}],"curies":[{"name":"wp","href":"https:\/\/api.w.org\/{rel}","templated":true}]}}