{"id":3076,"date":"2022-12-12T13:47:17","date_gmt":"2022-12-12T12:47:17","guid":{"rendered":"http:\/\/asmokarts.com\/produkt\/motenergy-me1507-14-5-kw-buerstenloser-elektromotor\/"},"modified":"2023-05-22T10:15:12","modified_gmt":"2023-05-22T08:15:12","slug":"motenergy-me1507-14-5-kw-buerstenloser-elektromotor","status":"publish","type":"product","link":"https:\/\/www.asmokarts.com\/en\/produkt\/motenergy-me1507-14-5-kw-buerstenloser-elektromotor\/","title":{"rendered":"Motenergy ME1507 14.5 KW &#8211; B\u00fcrstenloser Elektromotor"},"content":{"rendered":"<p><strong>Technische Daten<\/strong><\/p>\n<table>\n<tbody>\n<tr>\n<td><strong>Kontinuierliche Leistung (kW):<\/strong><\/td>\n<td>14.5 KW<\/td>\n<\/tr>\n<tr>\n<td><strong>Maximale Leistung (kW):<\/strong><\/td>\n<td><\/td>\n<\/tr>\n<tr>\n<td><strong>Dauerstrom (A):<\/strong><\/td>\n<td>157 Ampere<\/td>\n<\/tr>\n<tr>\n<td><strong>Maximaler Strom f\u00fcr 1 min (A):<\/strong><\/td>\n<td>600 Ampere AC f\u00fcr 1 Min.<\/td>\n<\/tr>\n<tr>\n<td><strong>Kippmoment (Nm):<\/strong><\/td>\n<td><\/td>\n<\/tr>\n<tr>\n<td><strong>Nennmoment (Nm):<\/strong><\/td>\n<td>13,9<\/td>\n<\/tr>\n<tr>\n<td><strong>Wirkungsgrad(%):<\/strong><\/td>\n<td><\/td>\n<\/tr>\n<tr>\n<td><strong>Schutzart:<\/strong><\/td>\n<td>IP67<\/td>\n<\/tr>\n<tr>\n<td><strong>Wiederstand L-L (ohm):<\/strong><\/td>\n<td><\/td>\n<\/tr>\n<tr>\n<td><strong>Induktivit\u00e4t @ 1kHz (mH):<\/strong><\/td>\n<td><\/td>\n<\/tr>\n<tr>\n<td><strong>Anzahl Pole:<\/strong><\/td>\n<td>5-poliger motor<\/td>\n<\/tr>\n<tr>\n<td><strong>Anzahl Magnete:<\/strong><\/td>\n<td>10 Magnete<\/td>\n<\/tr>\n<tr>\n<td><strong>Drehmomentskonstante (Nm\/A):<\/strong><\/td>\n<td><\/td>\n<\/tr>\n<tr>\n<td><strong>Maximale Drehzahle (1\/min):<\/strong><\/td>\n<td>6000 U\/min<\/td>\n<\/tr>\n<tr>\n<td><strong>Gewicht (kg):<\/strong><\/td>\n<td>20.15 KG<\/td>\n<\/tr>\n<tr>\n<td><strong>Temperatursensor:<\/strong><\/td>\n<td>TemperatursensorKTY84-130<\/td>\n<\/tr>\n<tr>\n<td><strong>K\u00fchlung:<\/strong><\/td>\n<td>Luft gek\u00fchlt<\/td>\n<\/tr>\n<\/tbody>\n<\/table>\n","protected":false},"excerpt":{"rendered":"<p>Technische Daten Kontinuierliche Leistung (kW): 14.5 KW Maximale Leistung (kW): Dauerstrom (A): 157 Ampere Maximaler Strom f\u00fcr 1 min (A): 600 Ampere AC f\u00fcr 1 Min. Kippmoment (Nm): Nennmoment (Nm): 13,9 Wirkungsgrad(%): Schutzart: IP67 Wiederstand L-L (ohm): Induktivit\u00e4t @ 1kHz (mH): Anzahl Pole: 5-poliger motor Anzahl Magnete: 10 Magnete Drehmomentskonstante (Nm\/A): Maximale Drehzahle (1\/min): 6000 [&hellip;]<\/p>\n","protected":false},"featured_media":2995,"comment_status":"closed","ping_status":"closed","template":"","meta":[],"product_brand":[],"product_cat":[72,71],"product_tag":[],"class_list":{"0":"post-3076","1":"product","2":"type-product","3":"status-publish","4":"has-post-thumbnail","6":"product_cat-buerstenloser-elektromotor","7":"product_cat-motor","8":"product_shipping_class-gewicht","10":"first","11":"instock","12":"purchasable","13":"product-type-simple"},"_links":{"self":[{"href":"https:\/\/www.asmokarts.com\/en\/wp-json\/wp\/v2\/product\/3076","targetHints":{"allow":["GET"]}}],"collection":[{"href":"https:\/\/www.asmokarts.com\/en\/wp-json\/wp\/v2\/product"}],"about":[{"href":"https:\/\/www.asmokarts.com\/en\/wp-json\/wp\/v2\/types\/product"}],"replies":[{"embeddable":true,"href":"https:\/\/www.asmokarts.com\/en\/wp-json\/wp\/v2\/comments?post=3076"}],"wp:featuredmedia":[{"embeddable":true,"href":"https:\/\/www.asmokarts.com\/en\/wp-json\/wp\/v2\/media\/2995"}],"wp:attachment":[{"href":"https:\/\/www.asmokarts.com\/en\/wp-json\/wp\/v2\/media?parent=3076"}],"wp:term":[{"taxonomy":"product_brand","embeddable":true,"href":"https:\/\/www.asmokarts.com\/en\/wp-json\/wp\/v2\/product_brand?post=3076"},{"taxonomy":"product_cat","embeddable":true,"href":"https:\/\/www.asmokarts.com\/en\/wp-json\/wp\/v2\/product_cat?post=3076"},{"taxonomy":"product_tag","embeddable":true,"href":"https:\/\/www.asmokarts.com\/en\/wp-json\/wp\/v2\/product_tag?post=3076"}],"curies":[{"name":"wp","href":"https:\/\/api.w.org\/{rel}","templated":true}]}}